{"id":6402,"date":"2024-08-06T17:57:47","date_gmt":"2024-08-06T15:57:47","guid":{"rendered":"https:\/\/www.allensbach-hochschule.de\/?page_id=6402"},"modified":"2026-04-27T13:18:21","modified_gmt":"2026-04-27T11:18:21","slug":"artificial-intelligence","status":"publish","type":"page","link":"https:\/\/www.allensbach-hochschule.de\/en\/artificial-intelligence\/","title":{"rendered":"K\u00fcnstliche Intelligenz im Fernstudium \u2013 Hochschulzertifikat"},"content":{"rendered":"<h2>Building a basic understanding of AI applications<\/h2>\n<p>In the area of AI basics and practical skills, you will find the right training to build a basic understanding for the successful integration of AI applications in an organization. The AI application competence at the heart of the training deals with the practical use of artificial intelligence in various business processes and application areas. The aim is to use basic AI knowledge to understand and apply the optimization of processes, the integration of innovative solutions across all organizational levels and to enable efficient integration.<\/p>\n<h3>Sound knowledge of different AI applications<\/h3>\n<p>This practice-oriented training on a total of fifteen of the currently popular AI applications enables students to acquire in-depth knowledge of all modalities (text, image, video, audio, voice modulation, avatars, analysis) and to use them specifically in their everyday work. Comprehensive company information on AI applications, clear activation steps, specific system instructions and detailed functional information on the user interface provide a deep understanding of the diverse possibilities and fundamental aspects of the individual AI applications (neuroflash, ChatGPT, Gemini, Pika, Midjourney, D-ID, Synthesia, Leonardi.ai, Eleven Labs, Suno, Topaz, Co-Pilot, Wonder Studio, AdCreative, EasyPeasy).<\/p>\n<h3>Weiterbildung mit konkretem Mehrwert f\u00fcr die Praxis<\/h3>\n<p>The practice-oriented training is based on a holistic approach that fundamentally builds an understanding of the application areas of artificial intelligence and at the same time anchors the ability to effectively integrate and successfully use it in practice. Through the targeted transfer of knowledge and skills in dealing with various AI applications, participants are enabled to optimize simple business processes and to discuss and, above all, implement innovative solutions across all levels of an organization. This holistic approach makes it possible to translate theoretical knowledge directly into concrete actions and thus create real added value for the company. With a strong focus on the practical relevance of the content taught, competitive advantages are not only developed theoretically, but also actively implemented in professional reality.<\/p>\n<h4>About the providers of this AI training<\/h4>\n<p>Dieser einzigartige KI-Praxiskurs wird in strategischer Partnerschaft mit der Headquarter Web 3.0 GmbH angeboten, die \u00fcber einen Zeitraum von zwei Jahren einen KI-Grundkurs aus der Praxis f\u00fcr die Praxis aufgebaut und gemeinsam mit der Allensbach Hochschule weiterentwickelt hat.Der Kurs schlie\u00dft mit einem Hochschulzertifikat ab, welches von der Allensbach Hochschule ausgestellt wird.<\/p>\n<p>&nbsp;<\/p>","protected":false},"excerpt":{"rendered":"<p>Aufbau eines Grundverst\u00e4ndnisses f\u00fcr KI-Anwendungen Im Bereich KI-Grundlagen und Praxiskompetenz finden Sie die passende Weiterbildung zum Aufbau eines Grundverst\u00e4ndnis f\u00fcr eine erfolgreiche Integration von KI-Anwendungen in einer Organisation. Die im Zentrum der Weiterbildung stehende KI-Anwendungskompetenz befasst sich mit dem praxisbezogenen Einsatz von K\u00fcnstlicher Intelligenz in verschiedenen Gesch\u00e4ftsprozessen und Anwendungsbereichen. Dabei geht es darum, durch KI-Basiswissen [&hellip;]<\/p>\n","protected":false},"author":4,"featured_media":0,"parent":0,"menu_order":0,"comment_status":"closed","ping_status":"closed","template":"overview-courses.php","meta":{"_acf_changed":false,"content-type":"","footnotes":""},"class_list":["post-6402","page","type-page","status-publish","hentry"],"acf":[],"yoast_head":"<!-- This site is optimized with the Yoast SEO plugin v27.5 - https:\/\/yoast.com\/product\/yoast-seo-wordpress\/ -->\n<title>K\u00fcnstliche Intelligenz im Fernstudium \u2013 Hochschulzertifikat - Allensbach Hochschule<\/title>\n<meta name=\"description\" content=\"Hochschulzertifikat K\u00fcnstliche Intelligenz: Grundlagen und Praxiskompetenz im Fernstudium. ZFU-zertifiziert, anrechenbar auf weiterf\u00fchrende Studieng\u00e4nge.\" \/>\n<meta name=\"robots\" content=\"index, follow, max-snippet:-1, max-image-preview:large, max-video-preview:-1\" \/>\n<link rel=\"canonical\" href=\"https:\/\/www.allensbach-hochschule.de\/en\/artificial-intelligence\/\" \/>\n<meta property=\"og:locale\" content=\"en_US\" \/>\n<meta property=\"og:type\" content=\"article\" \/>\n<meta property=\"og:title\" content=\"K\u00fcnstliche Intelligenz im Fernstudium \u2013 Hochschulzertifikat - Allensbach Hochschule\" \/>\n<meta property=\"og:description\" content=\"Hochschulzertifikat K\u00fcnstliche Intelligenz: Grundlagen und Praxiskompetenz im Fernstudium. ZFU-zertifiziert, anrechenbar auf weiterf\u00fchrende Studieng\u00e4nge.\" \/>\n<meta property=\"og:url\" content=\"https:\/\/www.allensbach-hochschule.de\/en\/artificial-intelligence\/\" \/>\n<meta property=\"og:site_name\" content=\"Allensbach Hochschule\" \/>\n<meta property=\"article:publisher\" content=\"https:\/\/www.facebook.com\/Allensbach-Hochschule-Konstanz-530073863811036\" \/>\n<meta property=\"article:modified_time\" content=\"2026-04-27T11:18:21+00:00\" \/>\n<meta name=\"twitter:card\" content=\"summary_large_image\" \/>\n<meta name=\"twitter:label1\" content=\"Est. reading time\" \/>\n\t<meta name=\"twitter:data1\" content=\"2 minutes\" \/>\n<script type=\"application\/ld+json\" class=\"yoast-schema-graph\">{\"@context\":\"https:\\\/\\\/schema.org\",\"@graph\":[{\"@type\":\"WebPage\",\"@id\":\"https:\\\/\\\/www.allensbach-hochschule.de\\\/kuenstliche-intelligenz\\\/\",\"url\":\"https:\\\/\\\/www.allensbach-hochschule.de\\\/kuenstliche-intelligenz\\\/\",\"name\":\"K\u00fcnstliche Intelligenz im Fernstudium \u2013 Hochschulzertifikat - Allensbach Hochschule\",\"isPartOf\":{\"@id\":\"https:\\\/\\\/www.allensbach-hochschule.de\\\/#website\"},\"datePublished\":\"2024-08-06T15:57:47+00:00\",\"dateModified\":\"2026-04-27T11:18:21+00:00\",\"description\":\"Hochschulzertifikat K\u00fcnstliche Intelligenz: Grundlagen und Praxiskompetenz im Fernstudium. ZFU-zertifiziert, anrechenbar auf weiterf\u00fchrende Studieng\u00e4nge.\",\"breadcrumb\":{\"@id\":\"https:\\\/\\\/www.allensbach-hochschule.de\\\/kuenstliche-intelligenz\\\/#breadcrumb\"},\"inLanguage\":\"en-US\",\"potentialAction\":[{\"@type\":\"ReadAction\",\"target\":[\"https:\\\/\\\/www.allensbach-hochschule.de\\\/kuenstliche-intelligenz\\\/\"]}]},{\"@type\":\"BreadcrumbList\",\"@id\":\"https:\\\/\\\/www.allensbach-hochschule.de\\\/kuenstliche-intelligenz\\\/#breadcrumb\",\"itemListElement\":[{\"@type\":\"ListItem\",\"position\":1,\"name\":\"Startseite\",\"item\":\"https:\\\/\\\/www.allensbach-hochschule.de\\\/\"},{\"@type\":\"ListItem\",\"position\":2,\"name\":\"K\u00fcnstliche Intelligenz im Fernstudium \u2013 Hochschulzertifikat\"}]},{\"@type\":\"WebSite\",\"@id\":\"https:\\\/\\\/www.allensbach-hochschule.de\\\/#website\",\"url\":\"https:\\\/\\\/www.allensbach-hochschule.de\\\/\",\"name\":\"Allensbach Hochschule\",\"description\":\"\",\"publisher\":{\"@id\":\"https:\\\/\\\/www.allensbach-hochschule.de\\\/#organization\"},\"potentialAction\":[{\"@type\":\"SearchAction\",\"target\":{\"@type\":\"EntryPoint\",\"urlTemplate\":\"https:\\\/\\\/www.allensbach-hochschule.de\\\/?s={search_term_string}\"},\"query-input\":{\"@type\":\"PropertyValueSpecification\",\"valueRequired\":true,\"valueName\":\"search_term_string\"}}],\"inLanguage\":\"en-US\"}]}<\/script>\n<!-- \/ Yoast SEO plugin. -->","yoast_head_json":{"title":"K\u00fcnstliche Intelligenz im Fernstudium \u2013 Hochschulzertifikat - Allensbach Hochschule","description":"Hochschulzertifikat K\u00fcnstliche Intelligenz: Grundlagen und Praxiskompetenz im Fernstudium. ZFU-zertifiziert, anrechenbar auf weiterf\u00fchrende Studieng\u00e4nge.","robots":{"index":"index","follow":"follow","max-snippet":"max-snippet:-1","max-image-preview":"max-image-preview:large","max-video-preview":"max-video-preview:-1"},"canonical":"https:\/\/www.allensbach-hochschule.de\/en\/artificial-intelligence\/","og_locale":"en_US","og_type":"article","og_title":"K\u00fcnstliche Intelligenz im Fernstudium \u2013 Hochschulzertifikat - Allensbach Hochschule","og_description":"Hochschulzertifikat K\u00fcnstliche Intelligenz: Grundlagen und Praxiskompetenz im Fernstudium. ZFU-zertifiziert, anrechenbar auf weiterf\u00fchrende Studieng\u00e4nge.","og_url":"https:\/\/www.allensbach-hochschule.de\/en\/artificial-intelligence\/","og_site_name":"Allensbach Hochschule","article_publisher":"https:\/\/www.facebook.com\/Allensbach-Hochschule-Konstanz-530073863811036","article_modified_time":"2026-04-27T11:18:21+00:00","twitter_card":"summary_large_image","twitter_misc":{"Est. reading time":"2 minutes"},"schema":{"@context":"https:\/\/schema.org","@graph":[{"@type":"WebPage","@id":"https:\/\/www.allensbach-hochschule.de\/kuenstliche-intelligenz\/","url":"https:\/\/www.allensbach-hochschule.de\/kuenstliche-intelligenz\/","name":"K\u00fcnstliche Intelligenz im Fernstudium \u2013 Hochschulzertifikat - Allensbach Hochschule","isPartOf":{"@id":"https:\/\/www.allensbach-hochschule.de\/#website"},"datePublished":"2024-08-06T15:57:47+00:00","dateModified":"2026-04-27T11:18:21+00:00","description":"Hochschulzertifikat K\u00fcnstliche Intelligenz: Grundlagen und Praxiskompetenz im Fernstudium. ZFU-zertifiziert, anrechenbar auf weiterf\u00fchrende Studieng\u00e4nge.","breadcrumb":{"@id":"https:\/\/www.allensbach-hochschule.de\/kuenstliche-intelligenz\/#breadcrumb"},"inLanguage":"en-US","potentialAction":[{"@type":"ReadAction","target":["https:\/\/www.allensbach-hochschule.de\/kuenstliche-intelligenz\/"]}]},{"@type":"BreadcrumbList","@id":"https:\/\/www.allensbach-hochschule.de\/kuenstliche-intelligenz\/#breadcrumb","itemListElement":[{"@type":"ListItem","position":1,"name":"Startseite","item":"https:\/\/www.allensbach-hochschule.de\/"},{"@type":"ListItem","position":2,"name":"K\u00fcnstliche Intelligenz im Fernstudium \u2013 Hochschulzertifikat"}]},{"@type":"WebSite","@id":"https:\/\/www.allensbach-hochschule.de\/#website","url":"https:\/\/www.allensbach-hochschule.de\/","name":"Allensbach University","description":"","publisher":{"@id":"https:\/\/www.allensbach-hochschule.de\/#organization"},"potentialAction":[{"@type":"SearchAction","target":{"@type":"EntryPoint","urlTemplate":"https:\/\/www.allensbach-hochschule.de\/?s={search_term_string}"},"query-input":{"@type":"PropertyValueSpecification","valueRequired":true,"valueName":"search_term_string"}}],"inLanguage":"en-US"}]}},"_links":{"self":[{"href":"https:\/\/www.allensbach-hochschule.de\/en\/wp-json\/wp\/v2\/pages\/6402","targetHints":{"allow":["GET"]}}],"collection":[{"href":"https:\/\/www.allensbach-hochschule.de\/en\/wp-json\/wp\/v2\/pages"}],"about":[{"href":"https:\/\/www.allensbach-hochschule.de\/en\/wp-json\/wp\/v2\/types\/page"}],"author":[{"embeddable":true,"href":"https:\/\/www.allensbach-hochschule.de\/en\/wp-json\/wp\/v2\/users\/4"}],"replies":[{"embeddable":true,"href":"https:\/\/www.allensbach-hochschule.de\/en\/wp-json\/wp\/v2\/comments?post=6402"}],"version-history":[{"count":19,"href":"https:\/\/www.allensbach-hochschule.de\/en\/wp-json\/wp\/v2\/pages\/6402\/revisions"}],"predecessor-version":[{"id":7596,"href":"https:\/\/www.allensbach-hochschule.de\/en\/wp-json\/wp\/v2\/pages\/6402\/revisions\/7596"}],"wp:attachment":[{"href":"https:\/\/www.allensbach-hochschule.de\/en\/wp-json\/wp\/v2\/media?parent=6402"}],"curies":[{"name":"wp","href":"https:\/\/api.w.org\/{rel}","templated":true}]}}